{"id":1366,"date":"2022-04-22T17:33:14","date_gmt":"2022-04-22T17:33:14","guid":{"rendered":"https:\/\/web-321.de\/?page_id=1366"},"modified":"2024-04-29T09:52:50","modified_gmt":"2024-04-29T09:52:50","slug":"impressum","status":"publish","type":"page","link":"https:\/\/fit-for-kitchens.de\/en\/impressum\/","title":{"rendered":"Impressum"},"content":{"rendered":"<p>\n    <a href=\"https:\/\/fit-for-kitchens.de\/\">Zur\u00fcck zur Startseite<\/a>\n<\/p>\n<div>\n<h1>Impressum &#8211; K\u00fcchenstudio Fit For Kitchens<\/h1>\n<h2>Angaben gem\u00e4\u00df \u00a7 5 TMG<\/h2>\n<p>Sebastian Schlag<br \/>Fit for Kitchens<br \/>Klosterstra\u00dfe 13<br \/>59494 <strong>Soest<\/strong><\/p>\n<h2>Kontakt<\/h2>\n<p>Telefon: +49 (0) 2921 3494761<br \/>E-Mail: info@fit-for-kitchens.de<\/p>\n<h2>EU-Streitschlichtung<\/h2>\n<p>Die Europ\u00e4ische Kommission stellt eine Plattform zur Online-Streitbeilegung (OS) bereit: <a href=\"https:\/\/ec.europa.eu\/consumers\/odr\/\" target=\"_blank\" rel=\"noopener noreferrer\">https:\/\/ec.europa.eu\/consumers\/odr\/<\/a>.<br \/>Unsere E-Mail-Adresse finden Sie oben im Impressum.<\/p>\n<h2>Verbraucher\u00adstreit\u00adbeilegung\/Universal\u00adschlichtungs\u00adstelle<\/h2>\n<p>Wir sind nicht bereit oder verpflichtet, an Streitbeilegungsverfahren vor einer Verbraucherschlichtungsstelle teilzunehmen.<\/p>\n<\/div>\n<p>\n    <a href=\"https:\/\/fit-for-kitchens.de\/\">Zur\u00fcck zur Startseite<\/a>\n<\/p>\n<p><!--more--><br \/>\n<!-- {\"type\":\"layout\",\"children\":[{\"type\":\"section\",\"props\":{\"image_position\":\"center-center\",\"style\":\"muted\",\"title_breakpoint\":\"xl\",\"title_position\":\"top-left\",\"title_rotation\":\"left\",\"vertical_align\":\"middle\",\"width\":\"small\"},\"children\":[{\"type\":\"row\",\"children\":[{\"type\":\"column\",\"props\":{\"image_position\":\"center-center\",\"position_sticky_breakpoint\":\"m\"},\"children\":[{\"type\":\"button\",\"props\":{\"button_size\":\"small\",\"grid_column_gap\":\"small\",\"grid_row_gap\":\"small\",\"margin\":\"default\",\"text_align\":\"right\"},\"children\":[{\"type\":\"button_item\",\"props\":{\"button_style\":\"default\",\"content\":\"Zur\\u00fcck zur Startseite\",\"content_en_us\":\"back to home\",\"icon_align\":\"left\",\"link\":\"https:\\\/\\\/fit-for-kitchens.de\\\/\",\"link_en_us\":\"https:\\\/\\\/fit-for-kitchens.de\\\/?lang=en\"}}]},{\"type\":\"text\",\"props\":{\"column_breakpoint\":\"m\",\"content\":\"\n\n<h1>Impressum - K\\u00fcchenstudio Fit For Kitchens<\\\/h1>\\n\n\n<h2>Angaben gem\\u00e4\\u00df \\u00a7 5 TMG<\\\/h2>\\n\n\n<p>Sebastian Schlag<br \\\/>Fit for Kitchens<br \\\/>Klosterstra\\u00dfe 13<br \\\/>59494 <strong>Soest<\\\/strong><\\\/p>\\n\n\n<h2>Kontakt<\\\/h2>\\n\n\n<p>Telefon: +49 (0) 2921 3494761<br \\\/>E-Mail: info@fit-for-kitchens.de<\\\/p>\\n\n\n<h2>EU-Streitschlichtung<\\\/h2>\\n\n\n<p>Die Europ\\u00e4ische Kommission stellt eine Plattform zur Online-Streitbeilegung (OS) bereit: <a href=\\\"https:\\\/\\\/ec.europa.eu\\\/consumers\\\/odr\\\/\\\" target=\\\"_blank\\\" rel=\\\"noopener noreferrer\\\">https:\\\/\\\/ec.europa.eu\\\/consumers\\\/odr\\\/<\\\/a>.<br \\\/>Unsere E-Mail-Adresse finden Sie oben im Impressum.<\\\/p>\\n\n\n<h2>Verbraucher\\u00adstreit\\u00adbeilegung\\\/Universal\\u00adschlichtungs\\u00adstelle<\\\/h2>\\n\n\n<p>Wir sind nicht bereit oder verpflichtet, an Streitbeilegungsverfahren vor einer Verbraucherschlichtungsstelle teilzunehmen.<\\\/p>\",\"content_en_us\":\"\n\n<h1>Site Notice<\\\/h1>\\n\n\n<h2>Information pursuant to Sect. 5 German Telemedia Act (TMG)<\\\/h2>\\n\n\n<p>Sebastian Schlag<br \\\/>Fit for Kitchens<br \\\/>Klosterstra\\u00dfe 13<br \\\/>59494 Soest<\\\/p>\\n\n\n<h2>Contact<\\\/h2>\\n\n\n<p>Phone: +49 (0) 2921 3494761<br \\\/>E-mail: info@fit-for-kitchens.de<\\\/p>\\n\n\n<h2>EU dispute resolution<\\\/h2>\\n\n\n<p>The European Commission provides a platform for online dispute resolution (ODR): <a href=\\\"https:\\\/\\\/ec.europa.eu\\\/consumers\\\/odr\\\/\\\" target=\\\"_blank\\\" rel=\\\"noopener noreferrer\\\">https:\\\/\\\/ec.europa.eu\\\/consumers\\\/odr\\\/<\\\/a>.<br \\\/>Our e-mail address can be found above in the site notice.<\\\/p>\\n\n\n<h2>Dispute resolution proceedings in front of a consumer arbitration board<\\\/h2>\\n\n\n<p>We are not willing or obliged to participate in dispute resolution proceedings in front of a consumer arbitration board.<\\\/p>\",\"margin\":\"default\"}},{\"type\":\"button\",\"props\":{\"button_size\":\"small\",\"grid_column_gap\":\"small\",\"grid_row_gap\":\"small\",\"margin\":\"default\",\"text_align\":\"right\"},\"children\":[{\"type\":\"button_item\",\"props\":{\"button_style\":\"default\",\"content\":\"Zur\\u00fcck zur Startseite\",\"content_en_us\":\"back to home\",\"icon_align\":\"left\",\"link\":\"https:\\\/\\\/fit-for-kitchens.de\\\/\",\"link_en_us\":\"https:\\\/\\\/fit-for-kitchens.de\\\/?lang=en\"}}]}]}]}]}],\"version\":\"4.0.7\"} --><\/p>\n","protected":false},"excerpt":{"rendered":"<p>Zur\u00fcck zur Startseite Impressum &#8211; K\u00fcchenstudio Fit For Kitchens Angaben gem\u00e4\u00df \u00a7 5 TMG Sebastian SchlagFit for KitchensKlosterstra\u00dfe 1359494 Soest Kontakt Telefon: +49 (0) 2921 3494761E-Mail: info@fit-for-kitchens.de EU-Streitschlichtung Die Europ\u00e4ische Kommission stellt eine Plattform zur Online-Streitbeilegung (OS) bereit: https:\/\/ec.europa.eu\/consumers\/odr\/.Unsere E-Mail-Adresse finden Sie oben im Impressum. Verbraucher\u00adstreit\u00adbeilegung\/Universal\u00adschlichtungs\u00adstelle Wir sind nicht bereit oder verpflichtet, an Streitbeilegungsverfahren vor [&hellip;]<\/p>\n","protected":false},"author":1,"featured_media":0,"parent":0,"menu_order":0,"comment_status":"closed","ping_status":"closed","template":"","meta":[],"acf":[],"yoast_head":"<!-- This site is optimized with the Yoast SEO plugin v18.8 - https:\/\/yoast.com\/wordpress\/plugins\/seo\/ -->\n<title>Impressum - Fit For Kitchens | K\u00fcchenstudio in Soest<\/title>\n<meta name=\"description\" content=\"Impressum des K\u00fcchenstudios Fit For Kitchens Soest. Hochwertige K\u00fcchen passend zu Ihrem Lifestyle. Kontaktieren Sie uns.\" \/>\n<meta name=\"robots\" content=\"index, follow, max-snippet:-1, max-image-preview:large, max-video-preview:-1\" \/>\n<link rel=\"canonical\" href=\"\" \/>\n<meta property=\"og:locale\" content=\"en_US\" \/>\n<meta property=\"og:type\" content=\"article\" \/>\n<meta property=\"og:title\" content=\"Impressum - Fit For Kitchens | K\u00fcchenstudio in Soest\" \/>\n<meta property=\"og:description\" content=\"Impressum des K\u00fcchenstudios Fit For Kitchens Soest. Hochwertige K\u00fcchen passend zu Ihrem Lifestyle. Kontaktieren Sie uns.\" \/>\n<meta property=\"og:url\" content=\"https:\/\/fit-for-kitchens.de\/en\/impressum\/\" \/>\n<meta property=\"og:site_name\" content=\"Fit For Kitchens\" \/>\n<meta property=\"article:modified_time\" content=\"2024-04-29T09:52:50+00:00\" \/>\n<meta name=\"twitter:card\" content=\"summary_large_image\" \/>\n<script type=\"application\/ld+json\" class=\"yoast-schema-graph\">{\"@context\":\"https:\/\/schema.org\",\"@graph\":[{\"@type\":\"WebSite\",\"@id\":\"https:\/\/fit-for-kitchens.de\/en\/#website\",\"url\":\"https:\/\/fit-for-kitchens.de\/en\/\",\"name\":\"Fit For Kitchens\",\"description\":\"K\u00fcchen passend zu Ihrem Lifestyle\",\"potentialAction\":[{\"@type\":\"SearchAction\",\"target\":{\"@type\":\"EntryPoint\",\"urlTemplate\":\"https:\/\/fit-for-kitchens.de\/en\/?s={search_term_string}\"},\"query-input\":\"required name=search_term_string\"}],\"inLanguage\":\"en-US\"},{\"@type\":\"WebPage\",\"@id\":\"https:\/\/fit-for-kitchens.de\/en\/impressum\/#webpage\",\"url\":\"https:\/\/fit-for-kitchens.de\/en\/impressum\/\",\"name\":\"Impressum - Fit For Kitchens | K\u00fcchenstudio in Soest\",\"isPartOf\":{\"@id\":\"https:\/\/fit-for-kitchens.de\/#website\"},\"datePublished\":\"2022-04-22T17:33:14+00:00\",\"dateModified\":\"2024-04-29T09:52:50+00:00\",\"description\":\"Impressum des K\u00fcchenstudios Fit For Kitchens Soest. Hochwertige K\u00fcchen passend zu Ihrem Lifestyle. Kontaktieren Sie uns.\",\"breadcrumb\":{\"@id\":\"https:\/\/fit-for-kitchens.de\/en\/impressum\/#breadcrumb\"},\"inLanguage\":\"en-US\",\"potentialAction\":[{\"@type\":\"ReadAction\",\"target\":[\"https:\/\/fit-for-kitchens.de\/en\/impressum\/\"]}]},{\"@type\":\"BreadcrumbList\",\"@id\":\"https:\/\/fit-for-kitchens.de\/en\/impressum\/#breadcrumb\",\"itemListElement\":[{\"@type\":\"ListItem\",\"position\":1,\"name\":\"Home\",\"item\":\"https:\/\/fit-for-kitchens.de\/\"},{\"@type\":\"ListItem\",\"position\":2,\"name\":\"Impressum\"}]}]}<\/script>\n<!-- \/ Yoast SEO plugin. -->","yoast_head_json":{"title":"Impressum - Fit For Kitchens | K\u00fcchenstudio in Soest","description":"Impressum des K\u00fcchenstudios Fit For Kitchens Soest. Hochwertige K\u00fcchen passend zu Ihrem Lifestyle. Kontaktieren Sie uns.","robots":{"index":"index","follow":"follow","max-snippet":"max-snippet:-1","max-image-preview":"max-image-preview:large","max-video-preview":"max-video-preview:-1"},"canonical":"Zur\u00fcck zur Startseite Impressum - K\u00fcchenstudio Fit For Kitchens Angaben gem\u00e4\u00df \u00a7 5 TMG Sebastian SchlagFit for KitchensKlosterstra\u00dfe 1359494 Soest Kontakt Telefon:  49 (0) 2921 3494761E-Mail: info@fit-for-kitchens.de EU-Streitschlichtung Die Europ\u00e4ische Kommission stellt eine Plattform zur Online-Streitbeilegung (OS) bereit: https:\/\/ec.europa.eu\/consumers\/odr\/.Unsere E-Mail-Adresse finden Sie oben im Impressum. Verbraucher\u00adstreit\u00adbeilegung\/Universal\u00adschlichtungs\u00adstelle Wir sind nicht bereit oder verpflichtet, an Streitbeilegungsverfahren vor&hellip;","og_locale":"en_US","og_type":"article","og_title":"Impressum - Fit For Kitchens | K\u00fcchenstudio in Soest","og_description":"Impressum des K\u00fcchenstudios Fit For Kitchens Soest. Hochwertige K\u00fcchen passend zu Ihrem Lifestyle. Kontaktieren Sie uns.","og_url":"https:\/\/fit-for-kitchens.de\/en\/impressum\/","og_site_name":"Fit For Kitchens","article_modified_time":"2024-04-29T09:52:50+00:00","twitter_card":"summary_large_image","schema":{"@context":"https:\/\/schema.org","@graph":[{"@type":"WebSite","@id":"https:\/\/fit-for-kitchens.de\/en\/#website","url":"https:\/\/fit-for-kitchens.de\/en\/","name":"Fit For Kitchens","description":"K\u00fcchen passend zu Ihrem Lifestyle","potentialAction":[{"@type":"SearchAction","target":{"@type":"EntryPoint","urlTemplate":"https:\/\/fit-for-kitchens.de\/en\/?s={search_term_string}"},"query-input":"required name=search_term_string"}],"inLanguage":"en-US"},{"@type":"WebPage","@id":"https:\/\/fit-for-kitchens.de\/en\/impressum\/#webpage","url":"https:\/\/fit-for-kitchens.de\/en\/impressum\/","name":"Impressum - Fit For Kitchens | K\u00fcchenstudio in Soest","isPartOf":{"@id":"https:\/\/fit-for-kitchens.de\/#website"},"datePublished":"2022-04-22T17:33:14+00:00","dateModified":"2024-04-29T09:52:50+00:00","description":"Impressum des K\u00fcchenstudios Fit For Kitchens Soest. Hochwertige K\u00fcchen passend zu Ihrem Lifestyle. Kontaktieren Sie uns.","breadcrumb":{"@id":"https:\/\/fit-for-kitchens.de\/en\/impressum\/#breadcrumb"},"inLanguage":"en-US","potentialAction":[{"@type":"ReadAction","target":["https:\/\/fit-for-kitchens.de\/en\/impressum\/"]}]},{"@type":"BreadcrumbList","@id":"https:\/\/fit-for-kitchens.de\/en\/impressum\/#breadcrumb","itemListElement":[{"@type":"ListItem","position":1,"name":"Home","item":"https:\/\/fit-for-kitchens.de\/"},{"@type":"ListItem","position":2,"name":"Impressum"}]}]}},"_links":{"self":[{"href":"https:\/\/fit-for-kitchens.de\/en\/wp-json\/wp\/v2\/pages\/1366"}],"collection":[{"href":"https:\/\/fit-for-kitchens.de\/en\/wp-json\/wp\/v2\/pages"}],"about":[{"href":"https:\/\/fit-for-kitchens.de\/en\/wp-json\/wp\/v2\/types\/page"}],"author":[{"embeddable":true,"href":"https:\/\/fit-for-kitchens.de\/en\/wp-json\/wp\/v2\/users\/1"}],"replies":[{"embeddable":true,"href":"https:\/\/fit-for-kitchens.de\/en\/wp-json\/wp\/v2\/comments?post=1366"}],"version-history":[{"count":12,"href":"https:\/\/fit-for-kitchens.de\/en\/wp-json\/wp\/v2\/pages\/1366\/revisions"}],"predecessor-version":[{"id":1494,"href":"https:\/\/fit-for-kitchens.de\/en\/wp-json\/wp\/v2\/pages\/1366\/revisions\/1494"}],"wp:attachment":[{"href":"https:\/\/fit-for-kitchens.de\/en\/wp-json\/wp\/v2\/media?parent=1366"}],"curies":[{"name":"wp","href":"https:\/\/api.w.org\/{rel}","templated":true}]}}